{"id":8488,"date":"2024-07-15T09:48:11","date_gmt":"2024-07-15T07:48:11","guid":{"rendered":"https:\/\/www.brunnenfeldfroesche.at\/bffs\/?page_id=8488"},"modified":"2024-09-10T14:31:38","modified_gmt":"2024-09-10T12:31:38","slug":"4-brunnenfeld-strassenfest-2024","status":"publish","type":"page","link":"https:\/\/www.brunnenfeldfroesche.at\/bffs\/4-brunnenfeld-strassenfest-2024\/","title":{"rendered":"4.Brunnenfeld Strassenfest 2024"},"content":{"rendered":"\t\t<div data-elementor-type=\"wp-page\" data-elementor-id=\"8488\" class=\"elementor elementor-8488\" data-elementor-settings=\"{&quot;ha_cmc_init_switcher&quot;:&quot;no&quot;}\" data-elementor-post-type=\"page\">\n\t\t\t\t<div class=\"elementor-element elementor-element-07f78bc e-flex e-con-boxed e-con e-parent\" data-id=\"07f78bc\" data-element_type=\"container\" data-e-type=\"container\" data-settings=\"{&quot;_ha_eqh_enable&quot;:false}\">\n\t\t\t\t\t<div class=\"e-con-inner\">\n\t\t\t\t<div class=\"elementor-element elementor-element-0e77bf1 elementor-widget elementor-widget-heading\" data-id=\"0e77bf1\" data-element_type=\"widget\" data-e-type=\"widget\" data-widget_type=\"heading.default\">\n\t\t\t\t<div class=\"elementor-widget-container\">\n\t\t\t\t\t<h1 class=\"elementor-heading-title elementor-size-default\">Es ist wieder soweit <p><p>4. Brunnenfeld Strassenfest 2024<\/h1>\t\t\t\t<\/div>\n\t\t\t\t<\/div>\n\t\t\t\t\t<\/div>\n\t\t\t\t<\/div>\n\t\t<div class=\"elementor-element elementor-element-e85cb9f e-flex e-con-boxed e-con e-parent\" data-id=\"e85cb9f\" data-element_type=\"container\" data-e-type=\"container\" data-settings=\"{&quot;_ha_eqh_enable&quot;:false}\">\n\t\t\t\t\t<div class=\"e-con-inner\">\n\t\t\t\t<div class=\"elementor-element elementor-element-0658692 elementor-widget elementor-widget-image\" data-id=\"0658692\" data-element_type=\"widget\" data-e-type=\"widget\" data-widget_type=\"image.default\">\n\t\t\t\t<div class=\"elementor-widget-container\">\n\t\t\t\t\t\t\t\t\t\t\t\t\t\t\t<img fetchpriority=\"high\" decoding=\"async\" width=\"1191\" height=\"842\" src=\"https:\/\/www.brunnenfeldfroesche.at\/bffs\/wp-content\/uploads\/2024\/07\/Strassenfest-24-Website-quer_Zeichenflaeche-1.webp\" class=\"attachment-full size-full wp-image-8492\" alt=\"\" srcset=\"https:\/\/www.brunnenfeldfroesche.at\/bffs\/wp-content\/uploads\/2024\/07\/Strassenfest-24-Website-quer_Zeichenflaeche-1.webp 1191w, https:\/\/www.brunnenfeldfroesche.at\/bffs\/wp-content\/uploads\/2024\/07\/Strassenfest-24-Website-quer_Zeichenflaeche-1-300x212.webp 300w, https:\/\/www.brunnenfeldfroesche.at\/bffs\/wp-content\/uploads\/2024\/07\/Strassenfest-24-Website-quer_Zeichenflaeche-1-1024x724.webp 1024w, https:\/\/www.brunnenfeldfroesche.at\/bffs\/wp-content\/uploads\/2024\/07\/Strassenfest-24-Website-quer_Zeichenflaeche-1-150x106.webp 150w, https:\/\/www.brunnenfeldfroesche.at\/bffs\/wp-content\/uploads\/2024\/07\/Strassenfest-24-Website-quer_Zeichenflaeche-1-768x543.webp 768w\" sizes=\"(max-width: 1191px) 100vw, 1191px\">\t\t\t\t\t\t\t\t\t\t\t\t\t\t\t<\/div>\n\t\t\t\t<\/div>\n\t\t\t\t\t<\/div>\n\t\t\t\t<\/div>\n\t\t<div class=\"elementor-element elementor-element-d9943b0 e-flex e-con-boxed e-con e-parent\" data-id=\"d9943b0\" data-element_type=\"container\" data-e-type=\"container\" data-settings=\"{&quot;_ha_eqh_enable&quot;:false}\">\n\t\t\t\t\t<div class=\"e-con-inner\">\n\t\t\t\t<div class=\"elementor-element elementor-element-74fc1b5 elementor-widget elementor-widget-text-editor\" data-id=\"74fc1b5\" data-element_type=\"widget\" data-e-type=\"widget\" data-widget_type=\"text-editor.default\">\n\t\t\t\t<div class=\"elementor-widget-container\">\n\t\t\t\t\t\t\t\t\t<p>Das Stra\u00dfenfest am Samstag, den <span style=\"color: #009640;\">24.08.2024<\/span> der Brunnenfeldfr\u00f6sche aus Sollenau verspricht ein Ereignis voller Freude, Genuss und Solidarit\u00e4t zu werden. Wir laden euch herzlich ein, an diesem Tag alte und neue Highlights zu entdecken, k\u00f6stliche Grillgerichte zu probieren, hervorragende Cocktails zu genie\u00dfen und kleine s\u00fc\u00dfe Naschereien zu kosten.<\/p><p>F\u00fcr die kleinen G\u00e4ste haben wir ein abwechslungsreiches Programm vorbereitet, darunter Kinderschminken, eine H\u00fcpfburg, eine Kinderdisco und eine Bastelstation.<br \/>Die &#8222;Open End Band&#8220; wird mit Live-Musik f\u00fcr gute Stimmung sorgen, damit wir gemeinsam tanzen, lachen und den Abend in fr\u00f6hlicher Atmosph\u00e4re ausklingen lassen k\u00f6nnen.<\/p><p>Ein besonderes Anliegen ist es uns, Sophie zu unterst\u00fctzen, die mit <span style=\"color: #009640;\"><a style=\"color: #009640;\" href=\"https:\/\/www.meduniwien.ac.at\/web\/forschung\/projekte\/computer-based-clustering-of-chronic-fatigue-syndrome-patients\/allgemeine-informationen\/\" target=\"_blank\" rel=\"noopener\">ME\/CFS<\/a><\/span> zu k\u00e4mpfen hat, ausgel\u00f6st durch Covid.<\/p><p>ME\/CFS ist eine schwere neuroimmunologische Erkrankung, die zu erheblichen k\u00f6rperlichen Behinderungen f\u00fchren kann. Ein Teilbetrag des Reinerl\u00f6ses des Festes wird gesammelt, um dieser Familie in ihrer schwierigen Situation beizustehen.<\/p><p>Eure Hilfe ist dabei von gro\u00dfer Bedeutung.<\/p><p>Kommt zahlreich vorbei, genie\u00dft Speisen und Getr\u00e4nke, habt eine gute Zeit und helft gleichzeitig einer Familie. Wir z\u00e4hlen auf eure Unterst\u00fctzung und freuen uns darauf, gemeinsam einen sch\u00f6nen und solidarischen Abend zu verbringen.<\/p>\t\t\t\t\t\t\t\t<\/div>\n\t\t\t\t<\/div>\n\t\t\t\t\t<\/div>\n\t\t\t\t<\/div>\n\t\t\t\t<\/div>\n\t\t","protected":false},"excerpt":{"rendered":"<p>Es ist wieder soweit 4. Brunnenfeld Strassenfest 2024 Das Stra\u00dfenfest am Samstag, den 24.08.2024 der Brunnenfeldfr\u00f6sche aus Sollenau verspricht ein Ereignis voller Freude, Genuss und Solidarit\u00e4t zu werden. Wir laden euch herzlich ein, an diesem Tag alte und neue Highlights zu entdecken, k\u00f6stliche Grillgerichte zu probieren, hervorragende Cocktails zu genie\u00dfen und kleine s\u00fc\u00dfe Naschereien zu [&hellip;]<\/p>\n","protected":false},"author":4,"featured_media":0,"parent":0,"menu_order":0,"comment_status":"closed","ping_status":"closed","template":"","meta":{"footnotes":""},"class_list":["post-8488","page","type-page","status-publish","hentry"],"_links":{"self":[{"href":"https:\/\/www.brunnenfeldfroesche.at\/bffs\/wp-json\/wp\/v2\/pages\/8488","targetHints":{"allow":["GET"]}}],"collection":[{"href":"https:\/\/www.brunnenfeldfroesche.at\/bffs\/wp-json\/wp\/v2\/pages"}],"about":[{"href":"https:\/\/www.brunnenfeldfroesche.at\/bffs\/wp-json\/wp\/v2\/types\/page"}],"author":[{"embeddable":true,"href":"https:\/\/www.brunnenfeldfroesche.at\/bffs\/wp-json\/wp\/v2\/users\/4"}],"replies":[{"embeddable":true,"href":"https:\/\/www.brunnenfeldfroesche.at\/bffs\/wp-json\/wp\/v2\/comments?post=8488"}],"version-history":[{"count":0,"href":"https:\/\/www.brunnenfeldfroesche.at\/bffs\/wp-json\/wp\/v2\/pages\/8488\/revisions"}],"wp:attachment":[{"href":"https:\/\/www.brunnenfeldfroesche.at\/bffs\/wp-json\/wp\/v2\/media?parent=8488"}],"curies":[{"name":"wp","href":"https:\/\/api.w.org\/{rel}","templated":true}]}}