{"id":67,"date":"2021-01-31T02:22:43","date_gmt":"2021-01-31T01:22:43","guid":{"rendered":"http:\/\/www.hsteiner.at\/?page_id=67"},"modified":"2024-11-24T19:28:43","modified_gmt":"2024-11-24T18:28:43","slug":"impressum","status":"publish","type":"page","link":"https:\/\/www.brunnenfeldfroesche.at\/bffs\/impressum\/","title":{"rendered":"Impressum"},"content":{"rendered":"\t\t<div data-elementor-type=\"wp-page\" data-elementor-id=\"67\" class=\"elementor elementor-67\" data-elementor-settings=\"{&quot;ha_cmc_init_switcher&quot;:&quot;no&quot;}\" data-elementor-post-type=\"page\">\n\t\t\t\t<div class=\"elementor-element elementor-element-2e5d2a7c e-flex e-con-boxed e-con e-parent\" data-id=\"2e5d2a7c\" data-element_type=\"container\" data-e-type=\"container\" data-settings=\"{&quot;_ha_eqh_enable&quot;:false}\">\n\t\t\t\t\t<div class=\"e-con-inner\">\n\t\t\t\t<div class=\"elementor-element elementor-element-1ae39d17 elementor-widget elementor-widget-text-editor\" data-id=\"1ae39d17\" data-element_type=\"widget\" data-e-type=\"widget\" data-widget_type=\"text-editor.default\">\n\t\t\t\t<div class=\"elementor-widget-container\">\n\t\t\t\t\t\t\t\t\t<h4>Brunnenfeldfr\u00f6sche Geselligkeitsverein<\/h4>\n<p><!-- \/wp:heading --><!-- wp:paragraph --><\/p>\n<p>ZVR: 1861174130<\/p>\n<p><!-- \/wp:paragraph --><!-- wp:paragraph --><\/p>\n<p>Brunnenfeldstrasse, 64,<br \/>2601 Sollenau,<br \/>\u00d6sterreich<\/p>\n<p><!-- \/wp:paragraph --><!-- wp:heading {\"level\":4} --><\/p>\n<h4>Organschaftliche Vertreter<\/h4>\n<p><!-- \/wp:heading --><!-- wp:paragraph --><\/p>\n<p>Obmann: Heinrich Steiner<br \/>Obmann Stellvertreter: Sabrina Wanzenb\u00f6ck<\/p>\n<p><!-- \/wp:paragraph --><!-- wp:paragraph --><\/p>\n<p>Vereinssitz: Sollenau<br \/>Tel.: 06646180356<br \/>E-Mail:<span style=\"color: #009640;\"><a style=\"color: #009640;\" href=\"mailto:brunnenfeldfroesche@hsteiner.at\"> brunnenfeldfroesche@hsteiner.at<\/a><\/span><\/p>\n<p>\u00a0<\/p>\n<p><!-- \/wp:paragraph --><!-- wp:heading {\"level\":4} --><\/p>\n<h4>Vereinszweck<\/h4>\n<p><!-- \/wp:heading --><!-- wp:paragraph --><\/p>\n<p>\u00a7 2: Zweck Der Verein, dessen T\u00e4tigkeit nicht auf Gewinn gerichtet ist, bezweckt &#8211; die F\u00f6rderung des Zusammenhaltes der Bewohner des Brunnenfeldes in Sollenau durch gesellige Zusammenk\u00fcnfte und &#8211; der Organisation und D\u00fcrchf\u00fchrung von Veranstaltungen sowie &#8211; die Unterst\u00fctzung karitativer Zwecke oder bed\u00fcrftiger Personen. \u00a7 3: Mittel zur Erreichung des Vereinszwecks (1) Der Vereinszweck soll durch die in den Abs. 2 und 3 angef\u00fchrten ideellen und materiellen Mittel erreicht werden. (2) Als ideelle Mittel dienen a) Vortr\u00e4ge b) gesellige Zusammenk\u00fcnfte c) Veranstaltungen (3) Die erforderlichen materiellen Mittel sollen aufgebracht werden durch a) Beitrittsgeb\u00fchren und Mitgliedsbeitr\u00e4ge b) Ertr\u00e4gnisse aus Veranstaltungen c) Spenden d) Sammlungen e) F\u00f6rderungen und sonstigen Zuwendungen<\/p>\n<p><!-- \/wp:paragraph --><\/p>\t\t\t\t\t\t\t\t<\/div>\n\t\t\t\t<\/div>\n\t\t\t\t\t<\/div>\n\t\t\t\t<\/div>\n\t\t\t\t<\/div>\n\t\t","protected":false},"excerpt":{"rendered":"<p>Brunnenfeldfr\u00f6sche Geselligkeitsverein ZVR: 1861174130 Brunnenfeldstrasse, 64,2601 Sollenau,\u00d6sterreich Organschaftliche Vertreter Obmann: Heinrich SteinerObmann Stellvertreter: Sabrina Wanzenb\u00f6ck Vereinssitz: SollenauTel.: 06646180356E-Mail: brunnenfeldfroesche@hsteiner.at \u00a0 Vereinszweck \u00a7 2: Zweck Der Verein, dessen T\u00e4tigkeit nicht auf Gewinn gerichtet ist, bezweckt &#8211; die F\u00f6rderung des Zusammenhaltes der Bewohner des Brunnenfeldes in Sollenau durch gesellige Zusammenk\u00fcnfte und &#8211; der Organisation und D\u00fcrchf\u00fchrung von [&hellip;]<\/p>\n","protected":false},"author":1,"featured_media":0,"parent":0,"menu_order":0,"comment_status":"closed","ping_status":"closed","template":"","meta":{"footnotes":""},"class_list":["post-67","page","type-page","status-publish","hentry"],"_links":{"self":[{"href":"https:\/\/www.brunnenfeldfroesche.at\/bffs\/wp-json\/wp\/v2\/pages\/67","targetHints":{"allow":["GET"]}}],"collection":[{"href":"https:\/\/www.brunnenfeldfroesche.at\/bffs\/wp-json\/wp\/v2\/pages"}],"about":[{"href":"https:\/\/www.brunnenfeldfroesche.at\/bffs\/wp-json\/wp\/v2\/types\/page"}],"author":[{"embeddable":true,"href":"https:\/\/www.brunnenfeldfroesche.at\/bffs\/wp-json\/wp\/v2\/users\/1"}],"replies":[{"embeddable":true,"href":"https:\/\/www.brunnenfeldfroesche.at\/bffs\/wp-json\/wp\/v2\/comments?post=67"}],"version-history":[{"count":0,"href":"https:\/\/www.brunnenfeldfroesche.at\/bffs\/wp-json\/wp\/v2\/pages\/67\/revisions"}],"wp:attachment":[{"href":"https:\/\/www.brunnenfeldfroesche.at\/bffs\/wp-json\/wp\/v2\/media?parent=67"}],"curies":[{"name":"wp","href":"https:\/\/api.w.org\/{rel}","templated":true}]}}