{"id":6110,"date":"2023-12-31T16:16:40","date_gmt":"2023-12-31T15:16:40","guid":{"rendered":"https:\/\/www.brunnenfeldfroesche.at\/bffs\/?page_id=6110"},"modified":"2025-03-24T14:46:08","modified_gmt":"2025-03-24T13:46:08","slug":"oldtimer-erwachen-2024","status":"publish","type":"page","link":"https:\/\/www.brunnenfeldfroesche.at\/bffs\/oldtimer-erwachen-2024\/","title":{"rendered":"Oldtimer-Erwachen-2024"},"content":{"rendered":"\t\t<div data-elementor-type=\"wp-page\" data-elementor-id=\"6110\" class=\"elementor elementor-6110\" data-elementor-settings=\"{&quot;ha_cmc_init_switcher&quot;:&quot;no&quot;}\" data-elementor-post-type=\"page\">\n\t\t\t\t<div class=\"elementor-element elementor-element-c58e20f e-con-full e-flex e-con e-parent\" data-id=\"c58e20f\" data-element_type=\"container\" data-e-type=\"container\" data-settings=\"{&quot;_ha_eqh_enable&quot;:false}\">\n\t\t\t\t<div class=\"elementor-element elementor-element-97a4e9f elementor-hidden-mobile elementor-widget elementor-widget-image\" data-id=\"97a4e9f\" data-element_type=\"widget\" data-e-type=\"widget\" data-widget_type=\"image.default\">\n\t\t\t\t<div class=\"elementor-widget-container\">\n\t\t\t\t\t\t\t\t\t\t\t\t\t\t\t<img decoding=\"async\" width=\"150\" height=\"120\" src=\"https:\/\/www.brunnenfeldfroesche.at\/bffs\/wp-content\/uploads\/2024\/01\/LOGO-Oldtimer-ErwachenNeu_2024-150x120.png\" class=\"attachment-thumbnail size-thumbnail wp-image-6158\" alt=\"\" srcset=\"https:\/\/www.brunnenfeldfroesche.at\/bffs\/wp-content\/uploads\/2024\/01\/LOGO-Oldtimer-ErwachenNeu_2024-150x120.png 150w, https:\/\/www.brunnenfeldfroesche.at\/bffs\/wp-content\/uploads\/2024\/01\/LOGO-Oldtimer-ErwachenNeu_2024-300x240.png 300w, https:\/\/www.brunnenfeldfroesche.at\/bffs\/wp-content\/uploads\/2024\/01\/LOGO-Oldtimer-ErwachenNeu_2024-1024x818.png 1024w, https:\/\/www.brunnenfeldfroesche.at\/bffs\/wp-content\/uploads\/2024\/01\/LOGO-Oldtimer-ErwachenNeu_2024-768x613.png 768w, https:\/\/www.brunnenfeldfroesche.at\/bffs\/wp-content\/uploads\/2024\/01\/LOGO-Oldtimer-ErwachenNeu_2024.png 1364w\" sizes=\"(max-width: 150px) 100vw, 150px\">\t\t\t\t\t\t\t\t\t\t\t\t\t\t\t<\/div>\n\t\t\t\t<\/div>\n\t\t\t\t<div class=\"elementor-element elementor-element-c546344 elementor-hidden-mobile elementor-widget elementor-widget-image\" data-id=\"c546344\" data-element_type=\"widget\" data-e-type=\"widget\" data-widget_type=\"image.default\">\n\t\t\t\t<div class=\"elementor-widget-container\">\n\t\t\t\t\t\t\t\t\t\t\t\t\t\t\t<img decoding=\"async\" width=\"150\" height=\"120\" src=\"https:\/\/www.brunnenfeldfroesche.at\/bffs\/wp-content\/uploads\/2024\/01\/LOGO-Oldtimer-ErwachenNeu_2024-150x120.png\" class=\"attachment-thumbnail size-thumbnail wp-image-6158\" alt=\"\" srcset=\"https:\/\/www.brunnenfeldfroesche.at\/bffs\/wp-content\/uploads\/2024\/01\/LOGO-Oldtimer-ErwachenNeu_2024-150x120.png 150w, https:\/\/www.brunnenfeldfroesche.at\/bffs\/wp-content\/uploads\/2024\/01\/LOGO-Oldtimer-ErwachenNeu_2024-300x240.png 300w, https:\/\/www.brunnenfeldfroesche.at\/bffs\/wp-content\/uploads\/2024\/01\/LOGO-Oldtimer-ErwachenNeu_2024-1024x818.png 1024w, https:\/\/www.brunnenfeldfroesche.at\/bffs\/wp-content\/uploads\/2024\/01\/LOGO-Oldtimer-ErwachenNeu_2024-768x613.png 768w, https:\/\/www.brunnenfeldfroesche.at\/bffs\/wp-content\/uploads\/2024\/01\/LOGO-Oldtimer-ErwachenNeu_2024.png 1364w\" sizes=\"(max-width: 150px) 100vw, 150px\">\t\t\t\t\t\t\t\t\t\t\t\t\t\t\t<\/div>\n\t\t\t\t<\/div>\n\t\t\t\t<div class=\"elementor-element elementor-element-dcfffe7 elementor-widget elementor-widget-heading\" data-id=\"dcfffe7\" data-element_type=\"widget\" data-e-type=\"widget\" data-widget_type=\"heading.default\">\n\t\t\t\t<div class=\"elementor-widget-container\">\n\t\t\t\t\t<h1 class=\"elementor-heading-title elementor-size-xl\">Oldtimer Erwachen 2024<\/h1>\t\t\t\t<\/div>\n\t\t\t\t<\/div>\n\t\t\t\t<\/div>\n\t\t<div class=\"elementor-element elementor-element-e35d062 e-flex e-con-boxed e-con e-parent\" data-id=\"e35d062\" data-element_type=\"container\" data-e-type=\"container\" data-settings=\"{&quot;_ha_eqh_enable&quot;:false}\">\n\t\t\t\t\t<div class=\"e-con-inner\">\n\t\t\t\t<div class=\"elementor-element elementor-element-eada3a3 elementor-align-left elementor-widget elementor-widget-button\" data-id=\"eada3a3\" data-element_type=\"widget\" data-e-type=\"widget\" data-widget_type=\"button.default\">\n\t\t\t\t<div class=\"elementor-widget-container\">\n\t\t\t\t\t\t\t\t\t<div class=\"elementor-button-wrapper\">\n\t\t\t\t\t<a class=\"elementor-button elementor-button-link elementor-size-sm elementor-animation-grow\" href=\"https:\/\/www.brunnenfeldfroesche.at\/bffs\/wp-content\/uploads\/2023\/12\/Ausschreibung_Oldtimererwachen_2024.pdf\" target=\"_blank\">\n\t\t\t\t\t\t<span class=\"elementor-button-content-wrapper\">\n\t\t\t\t\t\t<span class=\"elementor-button-icon\">\n\t\t\t\t<svg aria-hidden=\"true\" class=\"e-font-icon-svg e-far-file-pdf\" viewBox=\"0 0 384 512\" xmlns=\"http:\/\/www.w3.org\/2000\/svg\"><path d=\"M369.9 97.9L286 14C277 5 264.8-.1 252.1-.1H48C21.5 0 0 21.5 0 48v416c0 26.5 21.5 48 48 48h288c26.5 0 48-21.5 48-48V131.9c0-12.7-5.1-25-14.1-34zM332.1 128H256V51.9l76.1 76.1zM48 464V48h160v104c0 13.3 10.7 24 24 24h104v288H48zm250.2-143.7c-12.2-12-47-8.7-64.4-6.5-17.2-10.5-28.7-25-36.8-46.3 3.9-16.1 10.1-40.6 5.4-56-4.2-26.2-37.8-23.6-42.6-5.9-4.4 16.1-.4 38.5 7 67.1-10 23.9-24.9 56-35.4 74.4-20 10.3-47 26.2-51 46.2-3.3 15.8 26 55.2 76.1-31.2 22.4-7.4 46.8-16.5 68.4-20.1 18.9 10.2 41 17 55.8 17 25.5 0 28-28.2 17.5-38.7zm-198.1 77.8c5.1-13.7 24.5-29.5 30.4-35-19 30.3-30.4 35.7-30.4 35zm81.6-190.6c7.4 0 6.7 32.1 1.8 40.8-4.4-13.9-4.3-40.8-1.8-40.8zm-24.4 136.6c9.7-16.9 18-37 24.7-54.7 8.3 15.1 18.9 27.2 30.1 35.5-20.8 4.3-38.9 13.1-54.8 19.2zm131.6-5s-5 6-37.3-7.8c35.1-2.6 40.9 5.4 37.3 7.8z\"><\/path><\/svg>\t\t\t<\/span>\n\t\t\t\t\t\t\t\t\t<span class=\"elementor-button-text\">Ausschreibung<\/span>\n\t\t\t\t\t<\/span>\n\t\t\t\t\t<\/a>\n\t\t\t\t<\/div>\n\t\t\t\t\t\t\t\t<\/div>\n\t\t\t\t<\/div>\n\t\t\t\t<div class=\"elementor-element elementor-element-d6c3874 elementor-align-left elementor-widget elementor-widget-button\" data-id=\"d6c3874\" data-element_type=\"widget\" data-e-type=\"widget\" data-widget_type=\"button.default\">\n\t\t\t\t<div class=\"elementor-widget-container\">\n\t\t\t\t\t\t\t\t\t<div class=\"elementor-button-wrapper\">\n\t\t\t\t\t<a class=\"elementor-button elementor-button-link elementor-size-sm elementor-animation-grow\" href=\"https:\/\/www.brunnenfeldfroesche.at\/bffs\/teilnehmer-2024\" target=\"_blank\">\n\t\t\t\t\t\t<span class=\"elementor-button-content-wrapper\">\n\t\t\t\t\t\t<span class=\"elementor-button-icon\">\n\t\t\t\t<svg aria-hidden=\"true\" class=\"e-font-icon-svg e-far-file-excel\" viewBox=\"0 0 384 512\" xmlns=\"http:\/\/www.w3.org\/2000\/svg\"><path d=\"M369.9 97.9L286 14C277 5 264.8-.1 252.1-.1H48C21.5 0 0 21.5 0 48v416c0 26.5 21.5 48 48 48h288c26.5 0 48-21.5 48-48V131.9c0-12.7-5.1-25-14.1-34zM332.1 128H256V51.9l76.1 76.1zM48 464V48h160v104c0 13.3 10.7 24 24 24h104v288H48zm212-240h-28.8c-4.4 0-8.4 2.4-10.5 6.3-18 33.1-22.2 42.4-28.6 57.7-13.9-29.1-6.9-17.3-28.6-57.7-2.1-3.9-6.2-6.3-10.6-6.3H124c-9.3 0-15 10-10.4 18l46.3 78-46.3 78c-4.7 8 1.1 18 10.4 18h28.9c4.4 0 8.4-2.4 10.5-6.3 21.7-40 23-45 28.6-57.7 14.9 30.2 5.9 15.9 28.6 57.7 2.1 3.9 6.2 6.3 10.6 6.3H260c9.3 0 15-10 10.4-18L224 320c.7-1.1 30.3-50.5 46.3-78 4.7-8-1.1-18-10.3-18z\"><\/path><\/svg>\t\t\t<\/span>\n\t\t\t\t\t\t\t\t\t<span class=\"elementor-button-text\">Teilnehmer<\/span>\n\t\t\t\t\t<\/span>\n\t\t\t\t\t<\/a>\n\t\t\t\t<\/div>\n\t\t\t\t\t\t\t\t<\/div>\n\t\t\t\t<\/div>\n\t\t\t\t<div class=\"elementor-element elementor-element-795287b elementor-align-left elementor-widget elementor-widget-button\" data-id=\"795287b\" data-element_type=\"widget\" data-e-type=\"widget\" data-widget_type=\"button.default\">\n\t\t\t\t<div class=\"elementor-widget-container\">\n\t\t\t\t\t\t\t\t\t<div class=\"elementor-button-wrapper\">\n\t\t\t\t\t<a class=\"elementor-button elementor-button-link elementor-size-sm elementor-animation-grow\" href=\"https:\/\/www.brunnenfeldfroesche.at\/bffs\/starterliste-2024\/\" target=\"_blank\">\n\t\t\t\t\t\t<span class=\"elementor-button-content-wrapper\">\n\t\t\t\t\t\t<span class=\"elementor-button-icon\">\n\t\t\t\t<svg aria-hidden=\"true\" class=\"e-font-icon-svg e-far-file-excel\" viewBox=\"0 0 384 512\" xmlns=\"http:\/\/www.w3.org\/2000\/svg\"><path d=\"M369.9 97.9L286 14C277 5 264.8-.1 252.1-.1H48C21.5 0 0 21.5 0 48v416c0 26.5 21.5 48 48 48h288c26.5 0 48-21.5 48-48V131.9c0-12.7-5.1-25-14.1-34zM332.1 128H256V51.9l76.1 76.1zM48 464V48h160v104c0 13.3 10.7 24 24 24h104v288H48zm212-240h-28.8c-4.4 0-8.4 2.4-10.5 6.3-18 33.1-22.2 42.4-28.6 57.7-13.9-29.1-6.9-17.3-28.6-57.7-2.1-3.9-6.2-6.3-10.6-6.3H124c-9.3 0-15 10-10.4 18l46.3 78-46.3 78c-4.7 8 1.1 18 10.4 18h28.9c4.4 0 8.4-2.4 10.5-6.3 21.7-40 23-45 28.6-57.7 14.9 30.2 5.9 15.9 28.6 57.7 2.1 3.9 6.2 6.3 10.6 6.3H260c9.3 0 15-10 10.4-18L224 320c.7-1.1 30.3-50.5 46.3-78 4.7-8-1.1-18-10.3-18z\"><\/path><\/svg>\t\t\t<\/span>\n\t\t\t\t\t\t\t\t\t<span class=\"elementor-button-text\">Starterliste-2024<\/span>\n\t\t\t\t\t<\/span>\n\t\t\t\t\t<\/a>\n\t\t\t\t<\/div>\n\t\t\t\t\t\t\t\t<\/div>\n\t\t\t\t<\/div>\n\t\t\t\t<div class=\"elementor-element elementor-element-fa2a345 elementor-align-left elementor-widget elementor-widget-button\" data-id=\"fa2a345\" data-element_type=\"widget\" data-e-type=\"widget\" data-widget_type=\"button.default\">\n\t\t\t\t<div class=\"elementor-widget-container\">\n\t\t\t\t\t\t\t\t\t<div class=\"elementor-button-wrapper\">\n\t\t\t\t\t<a class=\"elementor-button elementor-button-link elementor-size-sm elementor-animation-grow\" href=\"https:\/\/www.brunnenfeldfroesche.at\/bffs\/wp-content\/uploads\/2024\/05\/Gesamtauswertung_2024.pdf\" target=\"_blank\">\n\t\t\t\t\t\t<span class=\"elementor-button-content-wrapper\">\n\t\t\t\t\t\t<span class=\"elementor-button-icon\">\n\t\t\t\t<svg aria-hidden=\"true\" class=\"e-font-icon-svg e-far-file-pdf\" viewBox=\"0 0 384 512\" xmlns=\"http:\/\/www.w3.org\/2000\/svg\"><path d=\"M369.9 97.9L286 14C277 5 264.8-.1 252.1-.1H48C21.5 0 0 21.5 0 48v416c0 26.5 21.5 48 48 48h288c26.5 0 48-21.5 48-48V131.9c0-12.7-5.1-25-14.1-34zM332.1 128H256V51.9l76.1 76.1zM48 464V48h160v104c0 13.3 10.7 24 24 24h104v288H48zm250.2-143.7c-12.2-12-47-8.7-64.4-6.5-17.2-10.5-28.7-25-36.8-46.3 3.9-16.1 10.1-40.6 5.4-56-4.2-26.2-37.8-23.6-42.6-5.9-4.4 16.1-.4 38.5 7 67.1-10 23.9-24.9 56-35.4 74.4-20 10.3-47 26.2-51 46.2-3.3 15.8 26 55.2 76.1-31.2 22.4-7.4 46.8-16.5 68.4-20.1 18.9 10.2 41 17 55.8 17 25.5 0 28-28.2 17.5-38.7zm-198.1 77.8c5.1-13.7 24.5-29.5 30.4-35-19 30.3-30.4 35.7-30.4 35zm81.6-190.6c7.4 0 6.7 32.1 1.8 40.8-4.4-13.9-4.3-40.8-1.8-40.8zm-24.4 136.6c9.7-16.9 18-37 24.7-54.7 8.3 15.1 18.9 27.2 30.1 35.5-20.8 4.3-38.9 13.1-54.8 19.2zm131.6-5s-5 6-37.3-7.8c35.1-2.6 40.9 5.4 37.3 7.8z\"><\/path><\/svg>\t\t\t<\/span>\n\t\t\t\t\t\t\t\t\t<span class=\"elementor-button-text\">Gesamtauswertung<\/span>\n\t\t\t\t\t<\/span>\n\t\t\t\t\t<\/a>\n\t\t\t\t<\/div>\n\t\t\t\t\t\t\t\t<\/div>\n\t\t\t\t<\/div>\n\t\t\t\t\t<\/div>\n\t\t\t\t<\/div>\n\t\t<div class=\"elementor-element elementor-element-7092ca0 e-flex e-con-boxed e-con e-parent\" data-id=\"7092ca0\" data-element_type=\"container\" data-e-type=\"container\" data-settings=\"{&quot;_ha_eqh_enable&quot;:false}\">\n\t\t\t\t\t<div class=\"e-con-inner\">\n\t\t\t\t<div class=\"elementor-element elementor-element-6c4903e elementor-widget elementor-widget-spacer\" data-id=\"6c4903e\" data-element_type=\"widget\" data-e-type=\"widget\" data-widget_type=\"spacer.default\">\n\t\t\t\t<div class=\"elementor-widget-container\">\n\t\t\t\t\t\t\t<div class=\"elementor-spacer\">\n\t\t\t<div class=\"elementor-spacer-inner\"><\/div>\n\t\t<\/div>\n\t\t\t\t\t\t<\/div>\n\t\t\t\t<\/div>\n\t\t\t\t\t<\/div>\n\t\t\t\t<\/div>\n\t\t<div class=\"elementor-element elementor-element-31dfb2b e-flex e-con-boxed e-con e-parent\" data-id=\"31dfb2b\" data-element_type=\"container\" data-e-type=\"container\" data-settings=\"{&quot;_ha_eqh_enable&quot;:false}\">\n\t\t\t\t\t<div class=\"e-con-inner\">\n\t\t\t\t<div class=\"elementor-element elementor-element-d761259 elementor-widget elementor-widget-text-editor\" data-id=\"d761259\" data-element_type=\"widget\" data-e-type=\"widget\" data-widget_type=\"text-editor.default\">\n\t\t\t\t<div class=\"elementor-widget-container\">\n\t\t\t\t\t\t\t\t\t<p>Leider k\u00f6nnen Sie sich f\u00fcr das Oldtimer Erwachen 2024 nicht mehr Anmelden.<br \/>Gerne begr\u00fc\u00dfen wir sie diesmal als Zuschauer. <br \/>Wir freuen uns auf Ihr kommen.<\/p>\t\t\t\t\t\t\t\t<\/div>\n\t\t\t\t<\/div>\n\t\t\t\t\t<\/div>\n\t\t\t\t<\/div>\n\t\t<div class=\"elementor-element elementor-element-8ae26c3 e-con-full e-flex e-con e-parent\" data-id=\"8ae26c3\" data-element_type=\"container\" data-e-type=\"container\" data-settings=\"{&quot;_ha_eqh_enable&quot;:false}\">\n\t\t\t\t<div class=\"elementor-element elementor-element-306315e elementor-widget__width-initial elementor-widget-tablet__width-initial elementor-widget elementor-widget-text-editor\" data-id=\"306315e\" data-element_type=\"widget\" data-e-type=\"widget\" data-widget_type=\"text-editor.default\">\n\t\t\t\t<div class=\"elementor-widget-container\">\n\t\t\t\t\t\t\t\t\t<p>In Kooperation mit der Thermenregion<span style=\"color: #009640;\"> <span style=\"text-decoration: underline;\"><a style=\"color: #009640; text-decoration: underline;\" href=\"https:\/\/www.thermenregiondac.at\/veranstaltungen\/classic-trifft-moderne\/\" target=\"_blank\" rel=\"noopener\">DAC<\/a><\/span>.<\/span><\/p><p>Am Freitag, den 10. Mai 2024, wird mit einer exquisiten Weinverkostung ausgew\u00e4hlter Weine aus dem ersten DAC Jahrgang und einem Kinderprogramm\u00a0 im Leopold Gr\u00fcnzweig Zentrum in Sollenau genussvoll gestartet.<\/p>\t\t\t\t\t\t\t\t<\/div>\n\t\t\t\t<\/div>\n\t\t\t\t<\/div>\n\t\t<div class=\"elementor-element elementor-element-8587537 e-flex e-con-boxed e-con e-parent\" data-id=\"8587537\" data-element_type=\"container\" data-e-type=\"container\" data-settings=\"{&quot;_ha_eqh_enable&quot;:false}\">\n\t\t\t\t\t<div class=\"e-con-inner\">\n\t\t<div class=\"elementor-element elementor-element-88fcc97 e-con-full e-flex e-con e-child\" data-id=\"88fcc97\" data-element_type=\"container\" data-e-type=\"container\" data-settings=\"{&quot;_ha_eqh_enable&quot;:false}\">\n\t\t\t\t<div class=\"elementor-element elementor-element-73cdd14 elementor-widget elementor-widget-image\" data-id=\"73cdd14\" data-element_type=\"widget\" data-e-type=\"widget\" data-widget_type=\"image.default\">\n\t\t\t\t<div class=\"elementor-widget-container\">\n\t\t\t\t\t\t\t\t\t\t\t\t\t\t\t<img fetchpriority=\"high\" decoding=\"async\" width=\"768\" height=\"499\" src=\"https:\/\/www.brunnenfeldfroesche.at\/bffs\/wp-content\/uploads\/2024\/03\/Rallyeschild_sponsoren_mit_Gemeinde-768x499.jpg\" class=\"attachment-medium_large size-medium_large wp-image-6447\" alt=\"\" srcset=\"https:\/\/www.brunnenfeldfroesche.at\/bffs\/wp-content\/uploads\/2024\/03\/Rallyeschild_sponsoren_mit_Gemeinde-768x499.jpg 768w, https:\/\/www.brunnenfeldfroesche.at\/bffs\/wp-content\/uploads\/2024\/03\/Rallyeschild_sponsoren_mit_Gemeinde-300x195.jpg 300w, https:\/\/www.brunnenfeldfroesche.at\/bffs\/wp-content\/uploads\/2024\/03\/Rallyeschild_sponsoren_mit_Gemeinde-1024x666.jpg 1024w, https:\/\/www.brunnenfeldfroesche.at\/bffs\/wp-content\/uploads\/2024\/03\/Rallyeschild_sponsoren_mit_Gemeinde-150x97.jpg 150w, https:\/\/www.brunnenfeldfroesche.at\/bffs\/wp-content\/uploads\/2024\/03\/Rallyeschild_sponsoren_mit_Gemeinde-1536x998.jpg 1536w, https:\/\/www.brunnenfeldfroesche.at\/bffs\/wp-content\/uploads\/2024\/03\/Rallyeschild_sponsoren_mit_Gemeinde-2048x1331.jpg 2048w\" sizes=\"(max-width: 768px) 100vw, 768px\">\t\t\t\t\t\t\t\t\t\t\t\t\t\t\t<\/div>\n\t\t\t\t<\/div>\n\t\t\t\t<div class=\"elementor-element elementor-element-1e97ed6 elementor-widget elementor-widget-image\" data-id=\"1e97ed6\" data-element_type=\"widget\" data-e-type=\"widget\" data-widget_type=\"image.default\">\n\t\t\t\t<div class=\"elementor-widget-container\">\n\t\t\t\t\t\t\t\t\t\t\t\t\t\t\t<img decoding=\"async\" width=\"768\" height=\"287\" src=\"https:\/\/www.brunnenfeldfroesche.at\/bffs\/wp-content\/uploads\/2024\/04\/STR-Logov1-01-768x287.png\" class=\"attachment-medium_large size-medium_large wp-image-6520\" alt=\"\" srcset=\"https:\/\/www.brunnenfeldfroesche.at\/bffs\/wp-content\/uploads\/2024\/04\/STR-Logov1-01-768x287.png 768w, https:\/\/www.brunnenfeldfroesche.at\/bffs\/wp-content\/uploads\/2024\/04\/STR-Logov1-01-300x112.png 300w, https:\/\/www.brunnenfeldfroesche.at\/bffs\/wp-content\/uploads\/2024\/04\/STR-Logov1-01-1024x383.png 1024w, https:\/\/www.brunnenfeldfroesche.at\/bffs\/wp-content\/uploads\/2024\/04\/STR-Logov1-01-150x56.png 150w, https:\/\/www.brunnenfeldfroesche.at\/bffs\/wp-content\/uploads\/2024\/04\/STR-Logov1-01-1536x574.png 1536w, https:\/\/www.brunnenfeldfroesche.at\/bffs\/wp-content\/uploads\/2024\/04\/STR-Logov1-01-2048x765.png 2048w\" sizes=\"(max-width: 768px) 100vw, 768px\">\t\t\t\t\t\t\t\t\t\t\t\t\t\t\t<\/div>\n\t\t\t\t<\/div>\n\t\t\t\t<\/div>\n\t\t<div class=\"elementor-element elementor-element-bac07a3 e-con-full e-flex e-con e-child\" data-id=\"bac07a3\" data-element_type=\"container\" data-e-type=\"container\" data-settings=\"{&quot;_ha_eqh_enable&quot;:false}\">\n\t\t\t\t<div class=\"elementor-element elementor-element-cfa4c6b elementor-widget elementor-widget-text-editor\" data-id=\"cfa4c6b\" data-element_type=\"widget\" data-e-type=\"widget\" data-widget_type=\"text-editor.default\">\n\t\t\t\t<div class=\"elementor-widget-container\">\n\t\t\t\t\t\t\t\t\t<p><span class=\"x193iq5w xeuugli x13faqbe x1vvkbs x1xmvt09 x1lliihq x1s928wv xhkezso x1gmr53x x1cpjm7i x1fgarty x1943h6x xudqn12 x3x7a5m x6prxxf xvq8zen xo1l8bm xzsf02u x1yc453h\" dir=\"auto\">Die Route f\u00fcr unsere Oldtimer Ausfahrt wurde finalisiert! Gro\u00dfe Freude und Vorfreude auf eine tolle Fahrt!<\/span><\/p>\t\t\t\t\t\t\t\t<\/div>\n\t\t\t\t<\/div>\n\t\t\t\t<div class=\"elementor-element elementor-element-862d296 elementor-widget elementor-widget-image\" data-id=\"862d296\" data-element_type=\"widget\" data-e-type=\"widget\" data-widget_type=\"image.default\">\n\t\t\t\t<div class=\"elementor-widget-container\">\n\t\t\t\t\t\t\t\t\t\t\t\t\t\t\t\t<a href=\"https:\/\/www.brunnenfeldfroesche.at\/bffs\/wp-content\/uploads\/2024\/03\/Strecke_2024.jpg\" data-elementor-open-lightbox=\"yes\" data-elementor-lightbox-title=\"Strecke_2024\" data-e-action-hash=\"#elementor-action%3Aaction%3Dlightbox%26settings%3DeyJpZCI6NjQ3MSwidXJsIjoiaHR0cHM6XC9cL3d3dy5icnVubmVuZmVsZGZyb2VzY2hlLmF0XC9iZmZzXC93cC1jb250ZW50XC91cGxvYWRzXC8yMDI0XC8wM1wvU3RyZWNrZV8yMDI0LmpwZyJ9\">\n\t\t\t\t\t\t\t<img loading=\"lazy\" decoding=\"async\" width=\"300\" height=\"264\" src=\"https:\/\/www.brunnenfeldfroesche.at\/bffs\/wp-content\/uploads\/2024\/03\/Strecke_2024-300x264.jpg\" class=\"attachment-medium size-medium wp-image-6471\" alt=\"\" srcset=\"https:\/\/www.brunnenfeldfroesche.at\/bffs\/wp-content\/uploads\/2024\/03\/Strecke_2024-300x264.jpg 300w, https:\/\/www.brunnenfeldfroesche.at\/bffs\/wp-content\/uploads\/2024\/03\/Strecke_2024-1024x901.jpg 1024w, https:\/\/www.brunnenfeldfroesche.at\/bffs\/wp-content\/uploads\/2024\/03\/Strecke_2024-150x132.jpg 150w, https:\/\/www.brunnenfeldfroesche.at\/bffs\/wp-content\/uploads\/2024\/03\/Strecke_2024-768x676.jpg 768w, https:\/\/www.brunnenfeldfroesche.at\/bffs\/wp-content\/uploads\/2024\/03\/Strecke_2024.jpg 1304w\" sizes=\"(max-width: 300px) 100vw, 300px\">\t\t\t\t\t\t\t\t<\/a>\n\t\t\t\t\t\t\t\t\t\t\t\t\t\t\t<\/div>\n\t\t\t\t<\/div>\n\t\t\t\t<div class=\"elementor-element elementor-element-a59c09d elementor-widget elementor-widget-image\" data-id=\"a59c09d\" data-element_type=\"widget\" data-e-type=\"widget\" data-widget_type=\"image.default\">\n\t\t\t\t<div class=\"elementor-widget-container\">\n\t\t\t\t\t\t\t\t\t\t\t\t\t\t\t\t<a href=\"https:\/\/www.brunnenfeldfroesche.at\/bffs\/wp-content\/uploads\/2024\/04\/Zeiten.png\" data-elementor-open-lightbox=\"yes\" data-elementor-lightbox-title=\"Zeiten\" data-e-action-hash=\"#elementor-action%3Aaction%3Dlightbox%26settings%3DeyJpZCI6NjUyMiwidXJsIjoiaHR0cHM6XC9cL3d3dy5icnVubmVuZmVsZGZyb2VzY2hlLmF0XC9iZmZzXC93cC1jb250ZW50XC91cGxvYWRzXC8yMDI0XC8wNFwvWmVpdGVuLnBuZyJ9\">\n\t\t\t\t\t\t\t<img loading=\"lazy\" decoding=\"async\" width=\"247\" height=\"300\" src=\"https:\/\/www.brunnenfeldfroesche.at\/bffs\/wp-content\/uploads\/2024\/04\/Zeiten-247x300.png\" class=\"attachment-medium size-medium wp-image-6522\" alt=\"\" srcset=\"https:\/\/www.brunnenfeldfroesche.at\/bffs\/wp-content\/uploads\/2024\/04\/Zeiten-247x300.png 247w, https:\/\/www.brunnenfeldfroesche.at\/bffs\/wp-content\/uploads\/2024\/04\/Zeiten-123x150.png 123w, https:\/\/www.brunnenfeldfroesche.at\/bffs\/wp-content\/uploads\/2024\/04\/Zeiten.png 672w\" sizes=\"(max-width: 247px) 100vw, 247px\">\t\t\t\t\t\t\t\t<\/a>\n\t\t\t\t\t\t\t\t\t\t\t\t\t\t\t<\/div>\n\t\t\t\t<\/div>\n\t\t\t\t<\/div>\n\t\t\t\t\t<\/div>\n\t\t\t\t<\/div>\n\t\t<div class=\"elementor-element elementor-element-6cc387a e-flex e-con-boxed e-con e-parent\" data-id=\"6cc387a\" data-element_type=\"container\" data-e-type=\"container\" data-settings=\"{&quot;_ha_eqh_enable&quot;:false}\">\n\t\t\t\t\t<div class=\"e-con-inner\">\n\t\t\t\t<div class=\"elementor-element elementor-element-5b56190 elementor-widget elementor-widget-heading\" data-id=\"5b56190\" data-element_type=\"widget\" data-e-type=\"widget\" data-widget_type=\"heading.default\">\n\t\t\t\t<div class=\"elementor-widget-container\">\n\t\t\t\t\t<h2 class=\"elementor-heading-title elementor-size-default\">Einladung zur Zeitreise<\/h2>\t\t\t\t<\/div>\n\t\t\t\t<\/div>\n\t\t\t\t\t<\/div>\n\t\t\t\t<\/div>\n\t\t<div class=\"elementor-element elementor-element-2561c09 e-flex e-con-boxed e-con e-parent\" data-id=\"2561c09\" data-element_type=\"container\" data-e-type=\"container\" data-settings=\"{&quot;_ha_eqh_enable&quot;:false}\">\n\t\t\t\t\t<div class=\"e-con-inner\">\n\t\t\t\t<div class=\"elementor-element elementor-element-120a0b7 elementor-widget__width-initial elementor-widget elementor-widget-text-editor\" data-id=\"120a0b7\" data-element_type=\"widget\" data-e-type=\"widget\" data-widget_type=\"text-editor.default\">\n\t\t\t\t<div class=\"elementor-widget-container\">\n\t\t\t\t\t\t\t\t\t<p>Das Oldtimer Erwachen der Brunnenfeld Fr\u00f6sche am 11. Mai 2024!<\/p><p>Verpassen Sie nicht die Gelegenheit, das Oldtimer Erwachen der Brunnenfeld Fr\u00f6sche in der Thermeregion zu erleben. Wir freuen uns darauf, mit Ihnen eine Zeitreise in die faszinierende Welt der klassischen Fahrzeuge zu unternehmen!<\/p><p>Liebhaber klassischer und Youngtimer Fahrzeuge aufgepasst!<\/p><p>Am 11. Mai 2024 \u00f6ffnen die Brunnenfeld Fr\u00f6sche ihre Tore f\u00fcr das Oldtimer Erwachen \u2013 eine Veranstaltung, die nicht nur Young und Oldtimer pr\u00e4sentiert, sondern auch eine Zeitreise in die Vergangenheit erm\u00f6glicht.<\/p><p>Tauchen Sie ein in die Welt der Eleganz, des Stils und des Spa\u00dfes im Solllenauer Leopld Gr\u00fcnzwig Zentrum in der malerischen Thermeregion.<\/p><p>Das erwartet Sie:<\/p><p>Elegante Young &#8211; Oldtimer-Parade: Bewundern Sie eine beeindruckende Sammlung von Fahrzeugen aus verschiedenen Epochen, die ausgestellt sind. Jedes Fahrzeug erz\u00e4hlt seine eigene Geschichte und l\u00e4dt dazu ein, in die \u00c4ra seines Ursprungs einzutauchen.<\/p><p>Fest f\u00fcr die Sinne: Erleben Sie die Sch\u00f6nheit klassischer Fahrzeuge nicht nur visuell, sondern auch mit allen Sinnen. Der unverkennbare Klang der Motoren, das nostalgische Knistern der Lackierung und der Duft vergangener Tage schaffen eine einzigartige Atmosph\u00e4re.<\/p><p>Sonderpr\u00fcfung f\u00fcr Enthusiasten: F\u00fcr alle Besitzer, die eine besondere Herausforderung suchen, gibt es eine spannende Sonderpr\u00fcfungen. Zeigen Sie Ihr Geschick und beweisen Sie, dass Ihr Oldtimer nicht nur sch\u00f6n anzusehen ist, sondern auch in Topform ist.<\/p><p>Netzwerken und Erfahrungsaustausch: Die Veranstaltung bietet eine hervorragende Gelegenheit f\u00fcr Besitzer von Oldtimern, sich zu vernetzen, Erfahrungen auszutauschen und gemeinsame Leidenschaften zu teilen. Kn\u00fcpfen Sie neue Kontakte und tauschen Sie sich \u00fcber die Sch\u00f6nheit und Herausforderungen der Oldtimer-Welt aus.<\/p><p>Anmeldung und Details:<\/p><p>Damit Sie dieses einzigartige Erlebnis nicht verpassen, ist eine Anmeldung bis zum 10. April erforderlich. Sichern Sie sich Ihren Platz und freuen Sie sich auf einen Tag voller Spa\u00df, Eleganz und faszinierender Oldtimer.<\/p>\t\t\t\t\t\t\t\t<\/div>\n\t\t\t\t<\/div>\n\t\t\t\t\t<\/div>\n\t\t\t\t<\/div>\n\t\t\t\t<\/div>\n\t\t","protected":false},"excerpt":{"rendered":"<p>Oldtimer Erwachen 2024 Ausschreibung Teilnehmer Starterliste-2024 Gesamtauswertung Leider k\u00f6nnen Sie sich f\u00fcr das Oldtimer Erwachen 2024 nicht mehr Anmelden.Gerne begr\u00fc\u00dfen wir sie diesmal als Zuschauer. Wir freuen uns auf Ihr kommen. In Kooperation mit der Thermenregion DAC. Am Freitag, den 10. Mai 2024, wird mit einer exquisiten Weinverkostung ausgew\u00e4hlter Weine aus dem ersten DAC Jahrgang [&hellip;]<\/p>\n","protected":false},"author":4,"featured_media":0,"parent":0,"menu_order":0,"comment_status":"closed","ping_status":"closed","template":"","meta":{"footnotes":""},"class_list":["post-6110","page","type-page","status-publish","hentry"],"_links":{"self":[{"href":"https:\/\/www.brunnenfeldfroesche.at\/bffs\/wp-json\/wp\/v2\/pages\/6110","targetHints":{"allow":["GET"]}}],"collection":[{"href":"https:\/\/www.brunnenfeldfroesche.at\/bffs\/wp-json\/wp\/v2\/pages"}],"about":[{"href":"https:\/\/www.brunnenfeldfroesche.at\/bffs\/wp-json\/wp\/v2\/types\/page"}],"author":[{"embeddable":true,"href":"https:\/\/www.brunnenfeldfroesche.at\/bffs\/wp-json\/wp\/v2\/users\/4"}],"replies":[{"embeddable":true,"href":"https:\/\/www.brunnenfeldfroesche.at\/bffs\/wp-json\/wp\/v2\/comments?post=6110"}],"version-history":[{"count":0,"href":"https:\/\/www.brunnenfeldfroesche.at\/bffs\/wp-json\/wp\/v2\/pages\/6110\/revisions"}],"wp:attachment":[{"href":"https:\/\/www.brunnenfeldfroesche.at\/bffs\/wp-json\/wp\/v2\/media?parent=6110"}],"curies":[{"name":"wp","href":"https:\/\/api.w.org\/{rel}","templated":true}]}}