{"id":5682,"date":"2023-09-26T15:16:00","date_gmt":"2023-09-26T13:16:00","guid":{"rendered":"https:\/\/www.hsteiner.at\/?page_id=5682"},"modified":"2025-04-10T17:50:29","modified_gmt":"2025-04-10T15:50:29","slug":"sturmstand-sagt-danke-2023","status":"publish","type":"page","link":"https:\/\/www.brunnenfeldfroesche.at\/bffs\/sturmstand-sagt-danke-2023\/","title":{"rendered":"Sturmstand sagt danke_2023"},"content":{"rendered":"\t\t<div data-elementor-type=\"wp-page\" data-elementor-id=\"5682\" class=\"elementor elementor-5682\" data-elementor-settings=\"{&quot;ha_cmc_init_switcher&quot;:&quot;no&quot;}\" data-elementor-post-type=\"page\">\n\t\t\t\t<div class=\"elementor-element elementor-element-8e6c2eb e-flex e-con-boxed e-con e-parent\" data-id=\"8e6c2eb\" data-element_type=\"container\" data-e-type=\"container\" data-settings=\"{&quot;_ha_eqh_enable&quot;:false}\">\n\t\t\t\t\t<div class=\"e-con-inner\">\n\t\t\t\t<div class=\"elementor-element elementor-element-6899dce elementor-widget elementor-widget-heading\" data-id=\"6899dce\" data-element_type=\"widget\" data-e-type=\"widget\" data-widget_type=\"heading.default\">\n\t\t\t\t<div class=\"elementor-widget-container\">\n\t\t\t\t\t<h2 class=\"elementor-heading-title elementor-size-xxl\">Gro\u00dfes Dankesch\u00f6n an alle Besucher!<\/h2>\t\t\t\t<\/div>\n\t\t\t\t<\/div>\n\t\t\t\t<div class=\"elementor-element elementor-element-fed7313 elementor-widget-tablet__width-initial elementor-widget elementor-widget-text-editor\" data-id=\"fed7313\" data-element_type=\"widget\" data-e-type=\"widget\" data-widget_type=\"text-editor.default\">\n\t\t\t\t<div class=\"elementor-widget-container\">\n\t\t\t\t\t\t\t\t\t<p><strong>Was f\u00fcr zwei Wunderbare Wochenenden wir hatten<\/strong>!<\/p><p>Das tolle Wetter (teilweise nicht) hat uns verw\u00f6hnt und die Stimmung war einfach fantastisch. <br \/>Ein besonderer Dank geht an alle, die den leckeren Sturm und Most genossen haben.<\/p><p>Einfach k\u00f6stlich!<\/p><p>Und nat\u00fcrlich d\u00fcrfen wir das herzhafte Speckbrot und all die anderen Leckereien nicht vergessen. <br \/>Es war eine tolle Zeit mit euch allen!<\/p><p>Danke f\u00fcr eure Unterst\u00fctzung und euer L\u00e4cheln, das diese Tage zu etwas Besonderem\u00a0gemacht\u00a0hat.<\/p><p>Fotos dazu gibt es wie immer in der <a href=\"https:\/\/www.brunnenfeldfroesche.at\/bffs\/bilder-sturmstandl_2023\/\"><span style=\"color: #009640;\">Galerie<\/span><\/a><\/p>\t\t\t\t\t\t\t\t<\/div>\n\t\t\t\t<\/div>\n\t\t\t\t\t<\/div>\n\t\t\t\t<\/div>\n\t\t\t\t<\/div>\n\t\t","protected":false},"excerpt":{"rendered":"<p>Gro\u00dfes Dankesch\u00f6n an alle Besucher! Was f\u00fcr zwei Wunderbare Wochenenden wir hatten! Das tolle Wetter (teilweise nicht) hat uns verw\u00f6hnt und die Stimmung war einfach fantastisch. Ein besonderer Dank geht an alle, die den leckeren Sturm und Most genossen haben. Einfach k\u00f6stlich! Und nat\u00fcrlich d\u00fcrfen wir das herzhafte Speckbrot und all die anderen Leckereien nicht [&hellip;]<\/p>\n","protected":false},"author":4,"featured_media":0,"parent":0,"menu_order":0,"comment_status":"closed","ping_status":"closed","template":"","meta":{"footnotes":""},"class_list":["post-5682","page","type-page","status-publish","hentry"],"_links":{"self":[{"href":"https:\/\/www.brunnenfeldfroesche.at\/bffs\/wp-json\/wp\/v2\/pages\/5682","targetHints":{"allow":["GET"]}}],"collection":[{"href":"https:\/\/www.brunnenfeldfroesche.at\/bffs\/wp-json\/wp\/v2\/pages"}],"about":[{"href":"https:\/\/www.brunnenfeldfroesche.at\/bffs\/wp-json\/wp\/v2\/types\/page"}],"author":[{"embeddable":true,"href":"https:\/\/www.brunnenfeldfroesche.at\/bffs\/wp-json\/wp\/v2\/users\/4"}],"replies":[{"embeddable":true,"href":"https:\/\/www.brunnenfeldfroesche.at\/bffs\/wp-json\/wp\/v2\/comments?post=5682"}],"version-history":[{"count":0,"href":"https:\/\/www.brunnenfeldfroesche.at\/bffs\/wp-json\/wp\/v2\/pages\/5682\/revisions"}],"wp:attachment":[{"href":"https:\/\/www.brunnenfeldfroesche.at\/bffs\/wp-json\/wp\/v2\/media?parent=5682"}],"curies":[{"name":"wp","href":"https:\/\/api.w.org\/{rel}","templated":true}]}}