{"id":3623,"date":"2022-09-20T11:42:20","date_gmt":"2022-09-20T09:42:20","guid":{"rendered":"https:\/\/www.hsteiner.at\/?page_id=3623"},"modified":"2025-04-30T09:54:14","modified_gmt":"2025-04-30T07:54:14","slug":"hochsteiermark-classic","status":"publish","type":"page","link":"https:\/\/www.brunnenfeldfroesche.at\/bffs\/hochsteiermark-classic\/","title":{"rendered":"Hochsteiermark Classic"},"content":{"rendered":"\t\t<div data-elementor-type=\"wp-page\" data-elementor-id=\"3623\" class=\"elementor elementor-3623\" data-elementor-settings=\"{&quot;ha_cmc_init_switcher&quot;:&quot;no&quot;}\" data-elementor-post-type=\"page\">\n\t\t\t\t<div class=\"elementor-element elementor-element-574fd62 e-con-full e-flex e-con e-parent\" data-id=\"574fd62\" data-element_type=\"container\" data-e-type=\"container\" data-settings=\"{&quot;_ha_eqh_enable&quot;:false}\">\n\t\t\t\t<div class=\"elementor-element elementor-element-6712728 elementor-widget elementor-widget-heading\" data-id=\"6712728\" data-element_type=\"widget\" data-e-type=\"widget\" data-widget_type=\"heading.default\">\n\t\t\t\t<div class=\"elementor-widget-container\">\n\t\t\t\t\t<h2 class=\"elementor-heading-title elementor-size-default\">Hochsteiermark Classic<\/h2>\t\t\t\t<\/div>\n\t\t\t\t<\/div>\n\t\t\t\t<\/div>\n\t\t<div class=\"elementor-element elementor-element-dd20ef5 e-flex e-con-boxed e-con e-parent\" data-id=\"dd20ef5\" data-element_type=\"container\" data-e-type=\"container\" data-settings=\"{&quot;_ha_eqh_enable&quot;:false}\">\n\t\t\t\t\t<div class=\"e-con-inner\">\n\t\t\t\t<div class=\"elementor-element elementor-element-f4be979 elementor-widget elementor-widget-text-editor\" data-id=\"f4be979\" data-element_type=\"widget\" data-e-type=\"widget\" data-widget_type=\"text-editor.default\">\n\t\t\t\t<div class=\"elementor-widget-container\">\n\t\t\t\t\t\t\t\t\t<p>Am Freitag den 9 September besuchte uns die Hochsteiermark Classic und die Brunnenfeld Fr\u00f6sche durften bei diesem einzigartigen Sporterlebnis die Sonderpr\u00fcfung betreuen.<\/p><p>Es kamen 65 Automobile Klassiker vorbei um nicht nur die Sonderpr\u00fcfung zu absolvieren, sondern sich auch in einer kurzen Pause zu st\u00e4rken.<\/p><p>Ein ganz besonderer danke gilt Elfi und Bertl Jechart welche das erste Mal eine die Sonderpr\u00fcfung bei einer Oldtimer Classic durchf\u00fchrten und dies bravour\u00f6s gemeistert haben.<\/p><p>Nat\u00fcrlich gilt auch der Dank an all unsere Helfer, die immer wieder Ihre Freizeit opfern und mit viel Engagement im Umfeld der Sonderpr\u00fcfung t\u00e4tig waren und f\u00fcr das Leibliche wohl der Teilnehmer gesorgt haben.<\/p><p>Als Brunnenfeld Fr\u00f6sche sind wir stolz darauf das wir wieder mal eine Abwechslung f\u00fcr Jung und Alt in Sollenau bitten konnten.<\/p><p>Ich hoffe das wir auch 2023 wieder bei der Hochsteiermark Classic dabei sein d\u00fcrfen.<\/p><p>Nat\u00fcrlich hat unser Fotofrosch auch etliche Fotos gemacht die <strong><a href=\"https:\/\/www.brunnenfeldfroesche.at\/bffs\/bilder-hochsteiermark-classic\/\"><span style=\"color: #009640;\">hier<\/span><\/a><\/strong> zu betrachten sind.<\/p>\t\t\t\t\t\t\t\t<\/div>\n\t\t\t\t<\/div>\n\t\t\t\t\t<\/div>\n\t\t\t\t<\/div>\n\t\t\t\t<\/div>\n\t\t","protected":false},"excerpt":{"rendered":"<p>Hochsteiermark Classic Am Freitag den 9 September besuchte uns die Hochsteiermark Classic und die Brunnenfeld Fr\u00f6sche durften bei diesem einzigartigen Sporterlebnis die Sonderpr\u00fcfung betreuen. Es kamen 65 Automobile Klassiker vorbei um nicht nur die Sonderpr\u00fcfung zu absolvieren, sondern sich auch in einer kurzen Pause zu st\u00e4rken. Ein ganz besonderer danke gilt Elfi und Bertl Jechart [&hellip;]<\/p>\n","protected":false},"author":4,"featured_media":3780,"parent":0,"menu_order":0,"comment_status":"closed","ping_status":"closed","template":"","meta":{"footnotes":""},"class_list":["post-3623","page","type-page","status-publish","has-post-thumbnail","hentry"],"_links":{"self":[{"href":"https:\/\/www.brunnenfeldfroesche.at\/bffs\/wp-json\/wp\/v2\/pages\/3623","targetHints":{"allow":["GET"]}}],"collection":[{"href":"https:\/\/www.brunnenfeldfroesche.at\/bffs\/wp-json\/wp\/v2\/pages"}],"about":[{"href":"https:\/\/www.brunnenfeldfroesche.at\/bffs\/wp-json\/wp\/v2\/types\/page"}],"author":[{"embeddable":true,"href":"https:\/\/www.brunnenfeldfroesche.at\/bffs\/wp-json\/wp\/v2\/users\/4"}],"replies":[{"embeddable":true,"href":"https:\/\/www.brunnenfeldfroesche.at\/bffs\/wp-json\/wp\/v2\/comments?post=3623"}],"version-history":[{"count":0,"href":"https:\/\/www.brunnenfeldfroesche.at\/bffs\/wp-json\/wp\/v2\/pages\/3623\/revisions"}],"wp:featuredmedia":[{"embeddable":true,"href":"https:\/\/www.brunnenfeldfroesche.at\/bffs\/wp-json\/wp\/v2\/media\/3780"}],"wp:attachment":[{"href":"https:\/\/www.brunnenfeldfroesche.at\/bffs\/wp-json\/wp\/v2\/media?parent=3623"}],"curies":[{"name":"wp","href":"https:\/\/api.w.org\/{rel}","templated":true}]}}