{"id":2577,"date":"2022-04-27T15:00:39","date_gmt":"2022-04-27T13:00:39","guid":{"rendered":"https:\/\/www.hsteiner.at\/?page_id=2577"},"modified":"2025-05-08T13:20:05","modified_gmt":"2025-05-08T11:20:05","slug":"links","status":"publish","type":"page","link":"https:\/\/www.brunnenfeldfroesche.at\/bffs\/links\/","title":{"rendered":"Links"},"content":{"rendered":"\t\t<div data-elementor-type=\"wp-page\" data-elementor-id=\"2577\" class=\"elementor elementor-2577\" data-elementor-settings=\"{&quot;ha_cmc_init_switcher&quot;:&quot;no&quot;}\" data-elementor-post-type=\"page\">\n\t\t\t\t<div class=\"elementor-element elementor-element-a9353b8 e-con-full e-flex e-con e-parent\" data-id=\"a9353b8\" data-element_type=\"container\" data-e-type=\"container\">\n\t\t\t\t<div class=\"elementor-element elementor-element-463de1c elementor-widget__width-initial ha-has-bg-overlay elementor-widget elementor-widget-toggle\" data-id=\"463de1c\" data-element_type=\"widget\" data-e-type=\"widget\" data-widget_type=\"toggle.default\">\n\t\t\t\t<div class=\"elementor-widget-container\">\n\t\t\t\t\t\t\t<div class=\"elementor-toggle\">\n\t\t\t\t\t\t\t<div class=\"elementor-toggle-item\">\n\t\t\t\t\t<div id=\"elementor-tab-title-7361\" class=\"elementor-tab-title\" data-tab=\"1\" role=\"button\" aria-controls=\"elementor-tab-content-7361\" aria-expanded=\"false\">\n\t\t\t\t\t\t\t\t\t\t\t\t<span class=\"elementor-toggle-icon elementor-toggle-icon-left\" aria-hidden=\"true\">\n\t\t\t\t\t\t\t\t\t\t\t\t\t\t\t<span class=\"elementor-toggle-icon-closed\"><svg class=\"e-font-icon-svg e-fas-caret-right\" viewBox=\"0 0 192 512\" xmlns=\"http:\/\/www.w3.org\/2000\/svg\"><path d=\"M0 384.662V127.338c0-17.818 21.543-26.741 34.142-14.142l128.662 128.662c7.81 7.81 7.81 20.474 0 28.284L34.142 398.804C21.543 411.404 0 402.48 0 384.662z\"><\/path><\/svg><\/span>\n\t\t\t\t\t\t\t\t<span class=\"elementor-toggle-icon-opened\"><svg class=\"elementor-toggle-icon-opened e-font-icon-svg e-fas-caret-square-up\" viewBox=\"0 0 448 512\" xmlns=\"http:\/\/www.w3.org\/2000\/svg\"><path d=\"M0 432V80c0-26.51 21.49-48 48-48h352c26.51 0 48 21.49 48 48v352c0 26.51-21.49 48-48 48H48c-26.51 0-48-21.49-48-48zm355.515-140.485l-123.03-123.03c-4.686-4.686-12.284-4.686-16.971 0L92.485 291.515c-7.56 7.56-2.206 20.485 8.485 20.485h246.059c10.691 0 16.045-12.926 8.486-20.485z\"><\/path><\/svg><\/span>\n\t\t\t\t\t\t\t\t\t\t\t\t\t<\/span>\n\t\t\t\t\t\t\t\t\t\t\t\t<a class=\"elementor-toggle-title\" tabindex=\"0\">Bericht Oldtimer-Erwachen-2022 von ICHHABDAWASTV<\/a>\n\t\t\t\t\t<\/div>\n\n\t\t\t\t\t<div id=\"elementor-tab-content-7361\" class=\"elementor-tab-content elementor-clearfix\" data-tab=\"1\" role=\"region\" aria-labelledby=\"elementor-tab-title-7361\"><p class=\"entry-title\"><span style=\"color: #009640;\"><a style=\"color: #009640;\" href=\"https:\/\/ichhabdawas.at\/news\/erste-oldtimerrallye-war-ein-voller-erfolg\" target=\"_blank\" rel=\"noopener\">Erste Oldtimerrallye war ein voller Erfolg<\/a><\/span><\/p><\/div>\n\t\t\t\t<\/div>\n\t\t\t\t\t\t\t<div class=\"elementor-toggle-item\">\n\t\t\t\t\t<div id=\"elementor-tab-title-7362\" class=\"elementor-tab-title\" data-tab=\"2\" role=\"button\" aria-controls=\"elementor-tab-content-7362\" aria-expanded=\"false\">\n\t\t\t\t\t\t\t\t\t\t\t\t<span class=\"elementor-toggle-icon elementor-toggle-icon-left\" aria-hidden=\"true\">\n\t\t\t\t\t\t\t\t\t\t\t\t\t\t\t<span class=\"elementor-toggle-icon-closed\"><svg class=\"e-font-icon-svg e-fas-caret-right\" viewBox=\"0 0 192 512\" xmlns=\"http:\/\/www.w3.org\/2000\/svg\"><path d=\"M0 384.662V127.338c0-17.818 21.543-26.741 34.142-14.142l128.662 128.662c7.81 7.81 7.81 20.474 0 28.284L34.142 398.804C21.543 411.404 0 402.48 0 384.662z\"><\/path><\/svg><\/span>\n\t\t\t\t\t\t\t\t<span class=\"elementor-toggle-icon-opened\"><svg class=\"elementor-toggle-icon-opened e-font-icon-svg e-fas-caret-square-up\" viewBox=\"0 0 448 512\" xmlns=\"http:\/\/www.w3.org\/2000\/svg\"><path d=\"M0 432V80c0-26.51 21.49-48 48-48h352c26.51 0 48 21.49 48 48v352c0 26.51-21.49 48-48 48H48c-26.51 0-48-21.49-48-48zm355.515-140.485l-123.03-123.03c-4.686-4.686-12.284-4.686-16.971 0L92.485 291.515c-7.56 7.56-2.206 20.485 8.485 20.485h246.059c10.691 0 16.045-12.926 8.486-20.485z\"><\/path><\/svg><\/span>\n\t\t\t\t\t\t\t\t\t\t\t\t\t<\/span>\n\t\t\t\t\t\t\t\t\t\t\t\t<a class=\"elementor-toggle-title\" tabindex=\"0\">Bericht in der N\u00d6N<\/a>\n\t\t\t\t\t<\/div>\n\n\t\t\t\t\t<div id=\"elementor-tab-content-7362\" class=\"elementor-tab-content elementor-clearfix\" data-tab=\"2\" role=\"region\" aria-labelledby=\"elementor-tab-title-7362\"><p><span style=\"color: #009640;\"><a style=\"color: #009640;\" href=\"https:\/\/www.brunnenfeldfroesche.at\/bffs\/wp-content\/uploads\/2022\/04\/NOeN.jpeg\" target=\"_blank\" rel=\"noopener\">Oldtimer &#8211; Ausfahrt mit viel Spa\u00df<\/a><\/span><\/p><\/div>\n\t\t\t\t<\/div>\n\t\t\t\t\t\t\t<div class=\"elementor-toggle-item\">\n\t\t\t\t\t<div id=\"elementor-tab-title-7363\" class=\"elementor-tab-title\" data-tab=\"3\" role=\"button\" aria-controls=\"elementor-tab-content-7363\" aria-expanded=\"false\">\n\t\t\t\t\t\t\t\t\t\t\t\t<span class=\"elementor-toggle-icon elementor-toggle-icon-left\" aria-hidden=\"true\">\n\t\t\t\t\t\t\t\t\t\t\t\t\t\t\t<span class=\"elementor-toggle-icon-closed\"><svg class=\"e-font-icon-svg e-fas-caret-right\" viewBox=\"0 0 192 512\" xmlns=\"http:\/\/www.w3.org\/2000\/svg\"><path d=\"M0 384.662V127.338c0-17.818 21.543-26.741 34.142-14.142l128.662 128.662c7.81 7.81 7.81 20.474 0 28.284L34.142 398.804C21.543 411.404 0 402.48 0 384.662z\"><\/path><\/svg><\/span>\n\t\t\t\t\t\t\t\t<span class=\"elementor-toggle-icon-opened\"><svg class=\"elementor-toggle-icon-opened e-font-icon-svg e-fas-caret-square-up\" viewBox=\"0 0 448 512\" xmlns=\"http:\/\/www.w3.org\/2000\/svg\"><path d=\"M0 432V80c0-26.51 21.49-48 48-48h352c26.51 0 48 21.49 48 48v352c0 26.51-21.49 48-48 48H48c-26.51 0-48-21.49-48-48zm355.515-140.485l-123.03-123.03c-4.686-4.686-12.284-4.686-16.971 0L92.485 291.515c-7.56 7.56-2.206 20.485 8.485 20.485h246.059c10.691 0 16.045-12.926 8.486-20.485z\"><\/path><\/svg><\/span>\n\t\t\t\t\t\t\t\t\t\t\t\t\t<\/span>\n\t\t\t\t\t\t\t\t\t\t\t\t<a class=\"elementor-toggle-title\" tabindex=\"0\">Bericht - Mein Bezirk - Halt in Lanzenkirchen SP2<\/a>\n\t\t\t\t\t<\/div>\n\n\t\t\t\t\t<div id=\"elementor-tab-content-7363\" class=\"elementor-tab-content elementor-clearfix\" data-tab=\"3\" role=\"region\" aria-labelledby=\"elementor-tab-title-7363\"><p><span style=\"color: #009640;\"><a style=\"color: #009640;\" href=\"https:\/\/www.meinbezirk.at\/wiener-neustadt\/c-leute\/oldtimerausfahrt-der-brunnenfeldfroesche_a5297581\" target=\"_blank\" rel=\"noopener\">Oldtimerausfahrt der Brunnenfeldfr\u00f6sche<\/a><\/span><\/p><\/div>\n\t\t\t\t<\/div>\n\t\t\t\t\t\t\t<div class=\"elementor-toggle-item\">\n\t\t\t\t\t<div id=\"elementor-tab-title-7364\" class=\"elementor-tab-title\" data-tab=\"4\" role=\"button\" aria-controls=\"elementor-tab-content-7364\" aria-expanded=\"false\">\n\t\t\t\t\t\t\t\t\t\t\t\t<span class=\"elementor-toggle-icon elementor-toggle-icon-left\" aria-hidden=\"true\">\n\t\t\t\t\t\t\t\t\t\t\t\t\t\t\t<span class=\"elementor-toggle-icon-closed\"><svg class=\"e-font-icon-svg e-fas-caret-right\" viewBox=\"0 0 192 512\" xmlns=\"http:\/\/www.w3.org\/2000\/svg\"><path d=\"M0 384.662V127.338c0-17.818 21.543-26.741 34.142-14.142l128.662 128.662c7.81 7.81 7.81 20.474 0 28.284L34.142 398.804C21.543 411.404 0 402.48 0 384.662z\"><\/path><\/svg><\/span>\n\t\t\t\t\t\t\t\t<span class=\"elementor-toggle-icon-opened\"><svg class=\"elementor-toggle-icon-opened e-font-icon-svg e-fas-caret-square-up\" viewBox=\"0 0 448 512\" xmlns=\"http:\/\/www.w3.org\/2000\/svg\"><path d=\"M0 432V80c0-26.51 21.49-48 48-48h352c26.51 0 48 21.49 48 48v352c0 26.51-21.49 48-48 48H48c-26.51 0-48-21.49-48-48zm355.515-140.485l-123.03-123.03c-4.686-4.686-12.284-4.686-16.971 0L92.485 291.515c-7.56 7.56-2.206 20.485 8.485 20.485h246.059c10.691 0 16.045-12.926 8.486-20.485z\"><\/path><\/svg><\/span>\n\t\t\t\t\t\t\t\t\t\t\t\t\t<\/span>\n\t\t\t\t\t\t\t\t\t\t\t\t<a class=\"elementor-toggle-title\" tabindex=\"0\">Virtuelle Oldtimer Zeitung-2022<\/a>\n\t\t\t\t\t<\/div>\n\n\t\t\t\t\t<div id=\"elementor-tab-content-7364\" class=\"elementor-tab-content elementor-clearfix\" data-tab=\"4\" role=\"region\" aria-labelledby=\"elementor-tab-title-7364\"><p><span style=\"color: #009640;\"><a style=\"color: #009640;\" href=\"https:\/\/www.voz.co.at\/2022A\/20220427.pdf\" target=\"_blank\" rel=\"noopener\"><span style=\"font-family: arial;\">Aus &#8222;Joes&#8220; Oldtimer &#8211; Tagebuch &#8211; &#8222;Fr\u00f6sche Ausfahrt&#8220;<\/span><\/a><\/span><\/p><\/div>\n\t\t\t\t<\/div>\n\t\t\t\t\t\t\t<div class=\"elementor-toggle-item\">\n\t\t\t\t\t<div id=\"elementor-tab-title-7365\" class=\"elementor-tab-title\" data-tab=\"5\" role=\"button\" aria-controls=\"elementor-tab-content-7365\" aria-expanded=\"false\">\n\t\t\t\t\t\t\t\t\t\t\t\t<span class=\"elementor-toggle-icon elementor-toggle-icon-left\" aria-hidden=\"true\">\n\t\t\t\t\t\t\t\t\t\t\t\t\t\t\t<span class=\"elementor-toggle-icon-closed\"><svg class=\"e-font-icon-svg e-fas-caret-right\" viewBox=\"0 0 192 512\" xmlns=\"http:\/\/www.w3.org\/2000\/svg\"><path d=\"M0 384.662V127.338c0-17.818 21.543-26.741 34.142-14.142l128.662 128.662c7.81 7.81 7.81 20.474 0 28.284L34.142 398.804C21.543 411.404 0 402.48 0 384.662z\"><\/path><\/svg><\/span>\n\t\t\t\t\t\t\t\t<span class=\"elementor-toggle-icon-opened\"><svg class=\"elementor-toggle-icon-opened e-font-icon-svg e-fas-caret-square-up\" viewBox=\"0 0 448 512\" xmlns=\"http:\/\/www.w3.org\/2000\/svg\"><path d=\"M0 432V80c0-26.51 21.49-48 48-48h352c26.51 0 48 21.49 48 48v352c0 26.51-21.49 48-48 48H48c-26.51 0-48-21.49-48-48zm355.515-140.485l-123.03-123.03c-4.686-4.686-12.284-4.686-16.971 0L92.485 291.515c-7.56 7.56-2.206 20.485 8.485 20.485h246.059c10.691 0 16.045-12.926 8.486-20.485z\"><\/path><\/svg><\/span>\n\t\t\t\t\t\t\t\t\t\t\t\t\t<\/span>\n\t\t\t\t\t\t\t\t\t\t\t\t<a class=\"elementor-toggle-title\" tabindex=\"0\">Virtuelle Oldtimer Zeitung-2023<\/a>\n\t\t\t\t\t<\/div>\n\n\t\t\t\t\t<div id=\"elementor-tab-content-7365\" class=\"elementor-tab-content elementor-clearfix\" data-tab=\"5\" role=\"region\" aria-labelledby=\"elementor-tab-title-7365\"><p><a href=\"https:\/\/www.voz.co.at\/2023A\/20230504.pdf\" target=\"_blank\" rel=\"noopener\">\u00a0<span style=\"color: #009640;\">Zum Bericht<\/span><\/a><\/p><\/div>\n\t\t\t\t<\/div>\n\t\t\t\t\t\t\t<div class=\"elementor-toggle-item\">\n\t\t\t\t\t<div id=\"elementor-tab-title-7366\" class=\"elementor-tab-title\" data-tab=\"6\" role=\"button\" aria-controls=\"elementor-tab-content-7366\" aria-expanded=\"false\">\n\t\t\t\t\t\t\t\t\t\t\t\t<span class=\"elementor-toggle-icon elementor-toggle-icon-left\" aria-hidden=\"true\">\n\t\t\t\t\t\t\t\t\t\t\t\t\t\t\t<span class=\"elementor-toggle-icon-closed\"><svg class=\"e-font-icon-svg e-fas-caret-right\" viewBox=\"0 0 192 512\" xmlns=\"http:\/\/www.w3.org\/2000\/svg\"><path d=\"M0 384.662V127.338c0-17.818 21.543-26.741 34.142-14.142l128.662 128.662c7.81 7.81 7.81 20.474 0 28.284L34.142 398.804C21.543 411.404 0 402.48 0 384.662z\"><\/path><\/svg><\/span>\n\t\t\t\t\t\t\t\t<span class=\"elementor-toggle-icon-opened\"><svg class=\"elementor-toggle-icon-opened e-font-icon-svg e-fas-caret-square-up\" viewBox=\"0 0 448 512\" xmlns=\"http:\/\/www.w3.org\/2000\/svg\"><path d=\"M0 432V80c0-26.51 21.49-48 48-48h352c26.51 0 48 21.49 48 48v352c0 26.51-21.49 48-48 48H48c-26.51 0-48-21.49-48-48zm355.515-140.485l-123.03-123.03c-4.686-4.686-12.284-4.686-16.971 0L92.485 291.515c-7.56 7.56-2.206 20.485 8.485 20.485h246.059c10.691 0 16.045-12.926 8.486-20.485z\"><\/path><\/svg><\/span>\n\t\t\t\t\t\t\t\t\t\t\t\t\t<\/span>\n\t\t\t\t\t\t\t\t\t\t\t\t<a class=\"elementor-toggle-title\" tabindex=\"0\">Virtuelle Oldtimer Zeitung-2025<\/a>\n\t\t\t\t\t<\/div>\n\n\t\t\t\t\t<div id=\"elementor-tab-content-7366\" class=\"elementor-tab-content elementor-clearfix\" data-tab=\"6\" role=\"region\" aria-labelledby=\"elementor-tab-title-7366\"><p><a href=\"https:\/\/www.voz.co.at\/2025A\/20250504.pdf\" target=\"_blank\" rel=\"noopener\"><span style=\"color: #009640;\">Zum<\/span> <span style=\"color: #009640;\">Bericht<\/span><\/a><\/p><\/div>\n\t\t\t\t<\/div>\n\t\t\t\t\t\t\t\t\t\t<script type=\"application\/ld+json\">{\"@context\":\"https:\\\/\\\/schema.org\",\"@type\":\"FAQPage\",\"mainEntity\":[{\"@type\":\"Question\",\"name\":\"Bericht Oldtimer-Erwachen-2022 von ICHHABDAWASTV\",\"acceptedAnswer\":{\"@type\":\"Answer\",\"text\":\"<p class=\\\"entry-title\\\"><span style=\\\"color: #009640;\\\"><a style=\\\"color: #009640;\\\" href=\\\"https:\\\/\\\/ichhabdawas.at\\\/news\\\/erste-oldtimerrallye-war-ein-voller-erfolg\\\" target=\\\"_blank\\\" rel=\\\"noopener\\\">Erste Oldtimerrallye war ein voller Erfolg<\\\/a><\\\/span><\\\/p>\"}},{\"@type\":\"Question\",\"name\":\"Bericht in der N\\u00d6N\",\"acceptedAnswer\":{\"@type\":\"Answer\",\"text\":\"<p><span style=\\\"color: #009640;\\\"><a style=\\\"color: #009640;\\\" href=\\\"https:\\\/\\\/www.brunnenfeldfroesche.at\\\/bffs\\\/wp-content\\\/uploads\\\/2022\\\/04\\\/NOeN.jpeg\\\" target=\\\"_blank\\\" rel=\\\"noopener\\\">Oldtimer &#8211; Ausfahrt mit viel Spa\\u00df<\\\/a><\\\/span><\\\/p>\"}},{\"@type\":\"Question\",\"name\":\"Bericht - Mein Bezirk - Halt in Lanzenkirchen SP2\",\"acceptedAnswer\":{\"@type\":\"Answer\",\"text\":\"<p><span style=\\\"color: #009640;\\\"><a style=\\\"color: #009640;\\\" href=\\\"https:\\\/\\\/www.meinbezirk.at\\\/wiener-neustadt\\\/c-leute\\\/oldtimerausfahrt-der-brunnenfeldfroesche_a5297581\\\" target=\\\"_blank\\\" rel=\\\"noopener\\\">Oldtimerausfahrt der Brunnenfeldfr\\u00f6sche<\\\/a><\\\/span><\\\/p>\"}},{\"@type\":\"Question\",\"name\":\"Virtuelle Oldtimer Zeitung-2022\",\"acceptedAnswer\":{\"@type\":\"Answer\",\"text\":\"<p><span style=\\\"color: #009640;\\\"><a style=\\\"color: #009640;\\\" href=\\\"https:\\\/\\\/www.voz.co.at\\\/2022A\\\/20220427.pdf\\\" target=\\\"_blank\\\" rel=\\\"noopener\\\"><span style=\\\"font-family: arial;\\\">Aus &#8222;Joes&#8220; Oldtimer &#8211; Tagebuch &#8211; &#8222;Fr\\u00f6sche Ausfahrt&#8220;<\\\/span><\\\/a><\\\/span><\\\/p>\"}},{\"@type\":\"Question\",\"name\":\"Virtuelle Oldtimer Zeitung-2023\",\"acceptedAnswer\":{\"@type\":\"Answer\",\"text\":\"<p><a href=\\\"https:\\\/\\\/www.voz.co.at\\\/2023A\\\/20230504.pdf\\\" target=\\\"_blank\\\" rel=\\\"noopener\\\">\\u00a0<span style=\\\"color: #009640;\\\">Zum Bericht<\\\/span><\\\/a><\\\/p>\"}},{\"@type\":\"Question\",\"name\":\"Virtuelle Oldtimer Zeitung-2025\",\"acceptedAnswer\":{\"@type\":\"Answer\",\"text\":\"<p><a href=\\\"https:\\\/\\\/www.voz.co.at\\\/2025A\\\/20250504.pdf\\\" target=\\\"_blank\\\" rel=\\\"noopener\\\"><span style=\\\"color: #009640;\\\">Zum<\\\/span> <span style=\\\"color: #009640;\\\">Bericht<\\\/span><\\\/a><\\\/p>\"}}]}<\/script>\n\t\t\t\t\t<\/div>\n\t\t\t\t\t\t<\/div>\n\t\t\t\t<\/div>\n\t\t\t\t<\/div>\n\t\t\t\t<\/div>\n\t\t","protected":false},"excerpt":{"rendered":"<p>Bericht Oldtimer-Erwachen-2022 von ICHHABDAWASTV Erste Oldtimerrallye war ein voller Erfolg Bericht in der N\u00d6N Oldtimer &#8211; Ausfahrt mit viel Spa\u00df Bericht &#8211; Mein Bezirk &#8211; Halt in Lanzenkirchen SP2 Oldtimerausfahrt der Brunnenfeldfr\u00f6sche Virtuelle Oldtimer Zeitung-2022 Aus &#8222;Joes&#8220; Oldtimer &#8211; Tagebuch &#8211; &#8222;Fr\u00f6sche Ausfahrt&#8220; Virtuelle Oldtimer Zeitung-2023 \u00a0Zum Bericht Virtuelle Oldtimer Zeitung-2025 Zum Bericht<\/p>\n","protected":false},"author":4,"featured_media":0,"parent":0,"menu_order":0,"comment_status":"closed","ping_status":"closed","template":"","meta":{"footnotes":""},"class_list":["post-2577","page","type-page","status-publish","hentry"],"_links":{"self":[{"href":"https:\/\/www.brunnenfeldfroesche.at\/bffs\/wp-json\/wp\/v2\/pages\/2577","targetHints":{"allow":["GET"]}}],"collection":[{"href":"https:\/\/www.brunnenfeldfroesche.at\/bffs\/wp-json\/wp\/v2\/pages"}],"about":[{"href":"https:\/\/www.brunnenfeldfroesche.at\/bffs\/wp-json\/wp\/v2\/types\/page"}],"author":[{"embeddable":true,"href":"https:\/\/www.brunnenfeldfroesche.at\/bffs\/wp-json\/wp\/v2\/users\/4"}],"replies":[{"embeddable":true,"href":"https:\/\/www.brunnenfeldfroesche.at\/bffs\/wp-json\/wp\/v2\/comments?post=2577"}],"version-history":[{"count":0,"href":"https:\/\/www.brunnenfeldfroesche.at\/bffs\/wp-json\/wp\/v2\/pages\/2577\/revisions"}],"wp:attachment":[{"href":"https:\/\/www.brunnenfeldfroesche.at\/bffs\/wp-json\/wp\/v2\/media?parent=2577"}],"curies":[{"name":"wp","href":"https:\/\/api.w.org\/{rel}","templated":true}]}}